{"id":10,"date":"2011-12-15T16:16:13","date_gmt":"2011-12-15T16:16:13","guid":{"rendered":"http:\/\/www.certaja.com.br\/fiqueligado\/?page_id=10"},"modified":"2023-01-05T14:40:29","modified_gmt":"2023-01-05T17:40:29","slug":"sobre","status":"publish","type":"page","link":"https:\/\/www.certaja.com.br\/fiqueligado\/sobre\/","title":{"rendered":"Sobre"},"content":{"rendered":"<p style=\"text-align: justify;\">O Fique Ligado \u00e9 o informativo semanal da CERTAJA Energia. Nele, voc\u00ea fica por dentro das not\u00edcias que movimentam a Cooperativa!<\/p>\n<h2 style=\"text-align: justify;\">Expediente: pesquisa, reda\u00e7\u00e3o e edi\u00e7\u00e3o:<\/h2>\n<ul style=\"text-align: justify;\">\n<li>Cristiane Lautert Soares\u00a0 &#8211; Setor Comercial e Marketing (MTb\/RS 0017405)<\/li>\n<\/ul>\n<h3 style=\"text-align: justify;\">Site customizado pelo setor de Tecnologia da Informa\u00e7\u00e3o da CERTAJA Energia.<\/h3>\n","protected":false},"excerpt":{"rendered":"<p>O Fique Ligado \u00e9 o informativo semanal da CERTAJA Energia. Nele, voc\u00ea fica por dentro das not\u00edcias que movimentam a Cooperativa! Expediente: pesquisa, reda\u00e7\u00e3o e edi\u00e7\u00e3o: Cristiane Lautert Soares\u00a0 &#8211; Setor Comercial e Marketing (MTb\/RS 0017405) Site customizado pelo setor de Tecnologia da Informa\u00e7\u00e3o da CERTAJA Energia.<\/p>\n","protected":false},"author":1,"featured_media":0,"parent":0,"menu_order":0,"comment_status":"open","ping_status":"open","template":"","meta":{"_uag_custom_page_level_css":"","footnotes":"","_links_to":"","_links_to_target":""},"class_list":["post-10","page","type-page","status-publish","hentry"],"uagb_featured_image_src":{"full":false,"thumbnail":false,"medium":false,"medium_large":false,"large":false,"1536x1536":false,"2048x2048":false,"post-thumbnail":false},"uagb_author_info":{"display_name":"Administrador","author_link":"https:\/\/www.certaja.com.br\/fiqueligado\/author\/admin\/"},"uagb_comment_info":0,"uagb_excerpt":"O Fique Ligado \u00e9 o informativo semanal da CERTAJA Energia. Nele, voc\u00ea fica por dentro das not\u00edcias que movimentam a Cooperativa! Expediente: pesquisa, reda\u00e7\u00e3o e edi\u00e7\u00e3o: Cristiane Lautert Soares\u00a0 &#8211; Setor Comercial e Marketing (MTb\/RS 0017405) Site customizado pelo setor de Tecnologia da Informa\u00e7\u00e3o da CERTAJA Energia.","_links":{"self":[{"href":"https:\/\/www.certaja.com.br\/fiqueligado\/wp-json\/wp\/v2\/pages\/10","targetHints":{"allow":["GET"]}}],"collection":[{"href":"https:\/\/www.certaja.com.br\/fiqueligado\/wp-json\/wp\/v2\/pages"}],"about":[{"href":"https:\/\/www.certaja.com.br\/fiqueligado\/wp-json\/wp\/v2\/types\/page"}],"author":[{"embeddable":true,"href":"https:\/\/www.certaja.com.br\/fiqueligado\/wp-json\/wp\/v2\/users\/1"}],"replies":[{"embeddable":true,"href":"https:\/\/www.certaja.com.br\/fiqueligado\/wp-json\/wp\/v2\/comments?post=10"}],"version-history":[{"count":20,"href":"https:\/\/www.certaja.com.br\/fiqueligado\/wp-json\/wp\/v2\/pages\/10\/revisions"}],"predecessor-version":[{"id":19147,"href":"https:\/\/www.certaja.com.br\/fiqueligado\/wp-json\/wp\/v2\/pages\/10\/revisions\/19147"}],"wp:attachment":[{"href":"https:\/\/www.certaja.com.br\/fiqueligado\/wp-json\/wp\/v2\/media?parent=10"}],"curies":[{"name":"wp","href":"https:\/\/api.w.org\/{rel}","templated":true}]}}